{"id":815,"date":"2018-08-29T21:04:36","date_gmt":"2018-08-30T00:04:36","guid":{"rendered":"https:\/\/isfd10-bue.infd.edu.ar\/sitio\/profesorado-de-historia\/"},"modified":"2025-08-21T14:01:17","modified_gmt":"2025-08-21T17:01:17","slug":"profesorado-de-historia","status":"publish","type":"page","link":"https:\/\/isfd10-bue.infd.edu.ar\/sitio\/profesorado-de-historia\/","title":{"rendered":"Profesorado de Ed. Secundaria en Historia"},"content":{"rendered":"<p><span style=\"font-weight: 400;\">El Profesorado de Educaci\u00f3n Secundaria en Historia es una carrera de formaci\u00f3n docente que se dicta en el Instituto Superior de Formaci\u00f3n Docente y T\u00e9cnica N\u00b0 10 en turno vespertino.&nbsp;<\/span><\/p>\n<p><span style=\"font-weight: 400;\">Tiene una duraci\u00f3n de cuatro a\u00f1os, y est\u00e1 estructurada en tres campos b\u00e1sicos del conocimiento: Campo de la Formaci\u00f3n General (CFG), Campo de la Formaci\u00f3n Espec\u00edfica (CFE), Campo de la Pr\u00e1ctica Docente (CPD), campos que dialogan entre s\u00ed para alcanzar una s\u00f3lida formaci\u00f3n de profesoras y profesores que asumen la ense\u00f1anza de la Historia como un compromiso socio-hist\u00f3rico.&nbsp;<\/span><\/p>\n<p><span style=\"font-weight: 400;\">Pensando la Historia desde el plano epistemol\u00f3gico, esta carrera est\u00e1 orientada a formar docentes desde una posici\u00f3n multidisciplinar contemplando la heterogeneidad de enfoques y miradas que permiten, a partir de una formaci\u00f3n acad\u00e9mica incidir en la vida social. As\u00ed, durante los cuatro a\u00f1os de formaci\u00f3n, las distintas unidades curriculares permitir\u00e1n a las y los estudiantes la posibilidad de construir marcos conceptuales e interpretativos que le brindan herramientas te\u00f3rico-metodol\u00f3gicas para realizar el an\u00e1lisis y comprensi\u00f3n de la educaci\u00f3n, la ense\u00f1anza y el aprendizaje, y la construcci\u00f3n de un posicionamiento propio para la actuar en contextos socio-culturales diversos.&nbsp;<\/span><\/p>\n<p><span style=\"font-weight: 400;\">Entendiendo la Historia como una reconstrucci\u00f3n basada en la comprensi\u00f3n y explicaci\u00f3n de los cambios y permanencias, que permite establecer relaciones entre procesos y estructuras, entre actores sociales, entre tiempos y espacios diversos, el Profesorado de Educaci\u00f3n Secundaria en Historia tiene como finalidad formar docentes comprometidas y comprometidos con la igualdad y la garant\u00eda del derecho social a la educaci\u00f3n, desde la confianza en que todas y todos pueden aprender, afianzando la creciente autonom\u00eda de las y los estudiantes. As\u00ed se promueve la formaci\u00f3n de profesionales que reflexionen sobre los saberes a ense\u00f1ar, contemplando las diversas dimensiones de la realidad educativa, para construir propuestas de ense\u00f1anza situadas y una Historia que abone a la construcci\u00f3n de ciudadan\u00edas comprometidas con la igualdad, la justicia, la democracia y los derechos humanos.<\/span><\/p>\n<p><span style=\"font-weight: 400;\">(*) Si queres conocer m\u00e1s de las actividades que realizamos, te compartimos un Instagram <\/span><i><span style=\"font-weight: 400;\">de difusi\u00f3n<\/span><\/i><span style=\"font-weight: 400;\"> de actividades nuestra carrera:<\/span><\/p>\n<p><img decoding=\"async\" loading=\"lazy\" class=\"wp-image-2665 aligncenter\" src=\"https:\/\/isfd10-bue.infd.edu.ar\/sitio\/wp-content\/uploads\/2025\/08\/Foto-de-Raul-700x1000.jpg\" alt=\"\" width=\"214\" height=\"306\" srcset=\"https:\/\/isfd10-bue.infd.edu.ar\/sitio\/wp-content\/uploads\/2025\/08\/Foto-de-Raul-700x1000.jpg 700w, https:\/\/isfd10-bue.infd.edu.ar\/sitio\/wp-content\/uploads\/2025\/08\/Foto-de-Raul-768x1097.jpg 768w, https:\/\/isfd10-bue.infd.edu.ar\/sitio\/wp-content\/uploads\/2025\/08\/Foto-de-Raul-1075x1536.jpg 1075w, https:\/\/isfd10-bue.infd.edu.ar\/sitio\/wp-content\/uploads\/2025\/08\/Foto-de-Raul.jpg 1080w\" sizes=\"(max-width: 214px) 100vw, 214px\" \/><\/p>\n<p style=\"text-align: center;\"><span style=\"font-weight: 400;\">(escanea el QR)<\/span><\/p>\n<p style=\"text-align: justify;\"><a title=\"Dise\u00f1o Curricular Historia\" href=\"https:\/\/isfd10-bue.infd.edu.ar\/sitio\/wp-content\/uploads\/2023\/12\/Diseno-curricular-del-Prof-de-Historia.pdf\" target=\"_blank\" rel=\"noopener\">ESTRUCTURA CURRICULAR<\/a><\/p>\n<div class=\"gmail_default\"><\/div>\n","protected":false},"excerpt":{"rendered":"<p>El Profesorado de Educaci\u00f3n Secundaria en Historia es una carrera de formaci\u00f3n docente que se dicta en el Instituto Superior de Formaci\u00f3n Docente y T\u00e9cnica N\u00b0 10 en turno vespertino.&nbsp; Tiene una duraci\u00f3n de cuatro a\u00f1os, y est\u00e1 estructurada en tres campos b\u00e1sicos del conocimiento: Campo de la Formaci\u00f3n General (CFG), Campo de la Formaci\u00f3n &#8230; <a title=\"Profesorado de Ed. Secundaria en Historia\" class=\"read-more\" href=\"https:\/\/isfd10-bue.infd.edu.ar\/sitio\/profesorado-de-historia\/\" aria-label=\"More on Profesorado de Ed. Secundaria en Historia\">[+]<\/a><\/p>\n","protected":false},"author":1467,"featured_media":0,"parent":0,"menu_order":0,"comment_status":"closed","ping_status":"closed","template":"","meta":[],"acf":[],"_links":{"self":[{"href":"https:\/\/isfd10-bue.infd.edu.ar\/sitio\/wp-json\/wp\/v2\/pages\/815"}],"collection":[{"href":"https:\/\/isfd10-bue.infd.edu.ar\/sitio\/wp-json\/wp\/v2\/pages"}],"about":[{"href":"https:\/\/isfd10-bue.infd.edu.ar\/sitio\/wp-json\/wp\/v2\/types\/page"}],"author":[{"embeddable":true,"href":"https:\/\/isfd10-bue.infd.edu.ar\/sitio\/wp-json\/wp\/v2\/users\/1467"}],"replies":[{"embeddable":true,"href":"https:\/\/isfd10-bue.infd.edu.ar\/sitio\/wp-json\/wp\/v2\/comments?post=815"}],"version-history":[{"count":9,"href":"https:\/\/isfd10-bue.infd.edu.ar\/sitio\/wp-json\/wp\/v2\/pages\/815\/revisions"}],"predecessor-version":[{"id":2673,"href":"https:\/\/isfd10-bue.infd.edu.ar\/sitio\/wp-json\/wp\/v2\/pages\/815\/revisions\/2673"}],"wp:attachment":[{"href":"https:\/\/isfd10-bue.infd.edu.ar\/sitio\/wp-json\/wp\/v2\/media?parent=815"}],"curies":[{"name":"wp","href":"https:\/\/api.w.org\/{rel}","templated":true}]}}