{"id":813,"date":"2018-08-29T21:04:35","date_gmt":"2018-08-30T00:04:35","guid":{"rendered":"https:\/\/isfd10-bue.infd.edu.ar\/sitio\/profesorado-de-geografia\/"},"modified":"2025-08-21T14:46:17","modified_gmt":"2025-08-21T17:46:17","slug":"profesorado-de-geografia","status":"publish","type":"page","link":"https:\/\/isfd10-bue.infd.edu.ar\/sitio\/profesorado-de-geografia\/","title":{"rendered":"Profesorado de Ed. Secundaria en Geograf\u00eda"},"content":{"rendered":"<p>El Profesorado de Educaci\u00f3n Secundaria en Geograf\u00eda es una carrera de formaci\u00f3n docente que se<br \/>\ndicta en el Instituto Superior de Formaci\u00f3n Docente y T\u00e9cnica N\u00b0 10 en turno vespertino.<br \/>\nTiene una duraci\u00f3n de cuatro a\u00f1os, y est\u00e1 estructurada en tres campos b\u00e1sicos del conocimiento:<br \/>\nCampo de la Formaci\u00f3n General (CFG), Campo de la Formaci\u00f3n Espec\u00edfica (CFE), Campo de la Pr\u00e1ctica<br \/>\nDocente (CPD).<\/p>\n<p>El profesorado, tiene un curr\u00edculo atravesada por la perspectiva de g\u00e9nero, ambiental y de cultura<br \/>\ndigital. Para alcanzar una s\u00f3lida formaci\u00f3n se abordan herramientas te\u00f3ricas y pr\u00e1cticas para la<br \/>\nense\u00f1anza de la Geograf\u00eda en la escuela secundaria y otros espacios educativos; de igual modo, se<br \/>\npromueve la mirada cr\u00edtica sobre los problemas ambientales, sociales y territoriales con el objetivo de<br \/>\ncontribuir a la formaci\u00f3n de ciudadanos responsables y comprometidos con su entorno.<br \/>\nQuienes egresan del profesorado estar\u00e1n preparado\/as para desempe\u00f1arse como docentes de<br \/>\nGeograf\u00eda en el Nivel Secundario y Nivel Superior.<\/p>\n<p>La carrera cuenta con diversas experiencias educativas que complementan el desarrollo de unidades<br \/>\ncurriculares, tales como talleres, conversatorios, salidas de campo, entre otras actividades.<\/p>\n<p>(*) Si queres conocer m\u00e1s de las actividades que realizamos, te compartimos un Instagram de difusi\u00f3n de actividades nuestra carrera:<\/p>\n<p><img decoding=\"async\" loading=\"lazy\" class=\"wp-image-2665 aligncenter\" src=\"https:\/\/isfd10-bue.infd.edu.ar\/sitio\/wp-content\/uploads\/2025\/08\/Foto-de-Raul-700x1000.jpg\" alt=\"\" width=\"216\" height=\"308\" srcset=\"https:\/\/isfd10-bue.infd.edu.ar\/sitio\/wp-content\/uploads\/2025\/08\/Foto-de-Raul-700x1000.jpg 700w, https:\/\/isfd10-bue.infd.edu.ar\/sitio\/wp-content\/uploads\/2025\/08\/Foto-de-Raul-768x1097.jpg 768w, https:\/\/isfd10-bue.infd.edu.ar\/sitio\/wp-content\/uploads\/2025\/08\/Foto-de-Raul-1075x1536.jpg 1075w, https:\/\/isfd10-bue.infd.edu.ar\/sitio\/wp-content\/uploads\/2025\/08\/Foto-de-Raul.jpg 1080w\" sizes=\"(max-width: 216px) 100vw, 216px\" \/><\/p>\n<p style=\"text-align: center;\"><span style=\"font-weight: 400;\">(escanea el QR)<\/span><\/p>\n<p><a title=\"Dise\u00f1o Curricular Geograf\u00eda\" href=\"https:\/\/isfd10-bue.infd.edu.ar\/sitio\/wp-content\/uploads\/2023\/12\/Diseno-curricular-del-Prof-de-Geografia.pdf\" target=\"_blank\" rel=\"noopener\">ESTRUCTURA CURRICULAR<\/a><\/p>\n","protected":false},"excerpt":{"rendered":"<p>El Profesorado de Educaci\u00f3n Secundaria en Geograf\u00eda es una carrera de formaci\u00f3n docente que se dicta en el Instituto Superior de Formaci\u00f3n Docente y T\u00e9cnica N\u00b0 10 en turno vespertino. Tiene una duraci\u00f3n de cuatro a\u00f1os, y est\u00e1 estructurada en tres campos b\u00e1sicos del conocimiento: Campo de la Formaci\u00f3n General (CFG), Campo de la Formaci\u00f3n &#8230; <a title=\"Profesorado de Ed. Secundaria en Geograf\u00eda\" class=\"read-more\" href=\"https:\/\/isfd10-bue.infd.edu.ar\/sitio\/profesorado-de-geografia\/\" aria-label=\"More on Profesorado de Ed. Secundaria en Geograf\u00eda\">[+]<\/a><\/p>\n","protected":false},"author":1467,"featured_media":0,"parent":0,"menu_order":0,"comment_status":"closed","ping_status":"closed","template":"","meta":[],"acf":[],"_links":{"self":[{"href":"https:\/\/isfd10-bue.infd.edu.ar\/sitio\/wp-json\/wp\/v2\/pages\/813"}],"collection":[{"href":"https:\/\/isfd10-bue.infd.edu.ar\/sitio\/wp-json\/wp\/v2\/pages"}],"about":[{"href":"https:\/\/isfd10-bue.infd.edu.ar\/sitio\/wp-json\/wp\/v2\/types\/page"}],"author":[{"embeddable":true,"href":"https:\/\/isfd10-bue.infd.edu.ar\/sitio\/wp-json\/wp\/v2\/users\/1467"}],"replies":[{"embeddable":true,"href":"https:\/\/isfd10-bue.infd.edu.ar\/sitio\/wp-json\/wp\/v2\/comments?post=813"}],"version-history":[{"count":4,"href":"https:\/\/isfd10-bue.infd.edu.ar\/sitio\/wp-json\/wp\/v2\/pages\/813\/revisions"}],"predecessor-version":[{"id":2674,"href":"https:\/\/isfd10-bue.infd.edu.ar\/sitio\/wp-json\/wp\/v2\/pages\/813\/revisions\/2674"}],"wp:attachment":[{"href":"https:\/\/isfd10-bue.infd.edu.ar\/sitio\/wp-json\/wp\/v2\/media?parent=813"}],"curies":[{"name":"wp","href":"https:\/\/api.w.org\/{rel}","templated":true}]}}