{"id":811,"date":"2018-08-29T21:04:35","date_gmt":"2018-08-30T00:04:35","guid":{"rendered":"https:\/\/isfd10-bue.infd.edu.ar\/sitio\/profesorado-de-matematica\/"},"modified":"2025-10-16T15:59:48","modified_gmt":"2025-10-16T18:59:48","slug":"profesorado-de-matematica","status":"publish","type":"page","link":"https:\/\/isfd10-bue.infd.edu.ar\/sitio\/profesorado-de-matematica\/","title":{"rendered":"Profesorado de Ed. Secundaria en Matem\u00e1tica"},"content":{"rendered":"<p style=\"text-align: left;\">La Matem\u00e1tica es una ciencia viva, en constante transformaci\u00f3n. Su ense\u00f1anza tambi\u00e9n cambia, y hoy m\u00e1s que nunca necesitamos docentes que acompa\u00f1en a las nuevas generaciones en la aventura de pensar, crear y recrear y descubrir relaciones entre los<br \/>\nn\u00fameros, las formas y el mundo que nos rodea.<\/p>\n<p style=\"text-align: left;\">Formarte como profesor o profesora de Matem\u00e1tica en el Instituto N\u00b010 significa mucho m\u00e1s que dominar contenidos: implica aprender a ense\u00f1ar, a guiar a otros en la construcci\u00f3n del conocimiento, y a despertar curiosidad y sentido cr\u00edtico en el aula.<\/p>\n<p style=\"text-align: left;\">Durante la carrera vas a desarrollar el pensamiento l\u00f3gico y creativo, fortalecer tus estrategias de resoluci\u00f3n de problemas y adquirir herramientas para planificar, ense\u00f1ar y evaluar en distintos contextos educativos.<\/p>\n<p style=\"text-align: left;\">Nuestra propuesta formativa combina la profundizaci\u00f3n en los saberes matem\u00e1ticos con una s\u00f3lida base pedag\u00f3gica y did\u00e1ctica, para que puedas comprender c\u00f3mo aprenden tus futuros estudiantes y c\u00f3mo hacer de la Matem\u00e1tica una experiencia significativa.<\/p>\n<p style=\"text-align: left;\">Si te interesa la ense\u00f1anza, te desaf\u00eda el pensamiento abstracto y te apasiona encontrar sentido en los n\u00fameros, las funciones, las formas y los patrones, este profesorado es para vos.<\/p>\n<p style=\"text-align: justify;\">\u00a0<a href=\"upload\/4.-_Matematica.pdf\" target=\"_blank\" rel=\"noopener\">Dise\u00f1o Curricular<\/a><\/p>\n<p><a href=\"https:\/\/isfd10-bue.infd.edu.ar\/sitio\/wp-content\/uploads\/2024\/03\/Regimen-de-correlativas-vigente-desde-el-23-dic-2023.pdf\">Regimen de correlativas vigente desde el 23 dic 2023<\/a><\/p>\n<p><a href=\"https:\/\/padlet.com\/jorgelinavillanueva\/2qanbaiv3goll6ks\" target=\"_blank\" rel=\"noopener\"><img decoding=\"async\" loading=\"lazy\" class=\"alignleft wp-image-1608\" src=\"https:\/\/isfd10-bue.infd.edu.ar\/sitio\/wp-content\/uploads\/2021\/11\/Padlet-Matematica-1000x468.jpg\" alt=\"\" width=\"500\" height=\"240\" \/><\/a><\/p>\n","protected":false},"excerpt":{"rendered":"<p>La Matem\u00e1tica es una ciencia viva, en constante transformaci\u00f3n. Su ense\u00f1anza tambi\u00e9n cambia, y hoy m\u00e1s que nunca necesitamos docentes que acompa\u00f1en a las nuevas generaciones en la aventura de pensar, crear y recrear y descubrir relaciones entre los n\u00fameros, las formas y el mundo que nos rodea. Formarte como profesor o profesora de Matem\u00e1tica &#8230; <a title=\"Profesorado de Ed. Secundaria en Matem\u00e1tica\" class=\"read-more\" href=\"https:\/\/isfd10-bue.infd.edu.ar\/sitio\/profesorado-de-matematica\/\" aria-label=\"More on Profesorado de Ed. Secundaria en Matem\u00e1tica\">[+]<\/a><\/p>\n","protected":false},"author":1467,"featured_media":0,"parent":0,"menu_order":0,"comment_status":"closed","ping_status":"closed","template":"","meta":[],"acf":[],"_links":{"self":[{"href":"https:\/\/isfd10-bue.infd.edu.ar\/sitio\/wp-json\/wp\/v2\/pages\/811"}],"collection":[{"href":"https:\/\/isfd10-bue.infd.edu.ar\/sitio\/wp-json\/wp\/v2\/pages"}],"about":[{"href":"https:\/\/isfd10-bue.infd.edu.ar\/sitio\/wp-json\/wp\/v2\/types\/page"}],"author":[{"embeddable":true,"href":"https:\/\/isfd10-bue.infd.edu.ar\/sitio\/wp-json\/wp\/v2\/users\/1467"}],"replies":[{"embeddable":true,"href":"https:\/\/isfd10-bue.infd.edu.ar\/sitio\/wp-json\/wp\/v2\/comments?post=811"}],"version-history":[{"count":10,"href":"https:\/\/isfd10-bue.infd.edu.ar\/sitio\/wp-json\/wp\/v2\/pages\/811\/revisions"}],"predecessor-version":[{"id":2723,"href":"https:\/\/isfd10-bue.infd.edu.ar\/sitio\/wp-json\/wp\/v2\/pages\/811\/revisions\/2723"}],"wp:attachment":[{"href":"https:\/\/isfd10-bue.infd.edu.ar\/sitio\/wp-json\/wp\/v2\/media?parent=811"}],"curies":[{"name":"wp","href":"https:\/\/api.w.org\/{rel}","templated":true}]}}