{"id":804,"date":"2018-08-29T21:04:32","date_gmt":"2018-08-30T00:04:32","guid":{"rendered":"https:\/\/isfd10-bue.infd.edu.ar\/sitio\/tecnicatura-en-administracion-publica\/"},"modified":"2025-08-21T14:33:44","modified_gmt":"2025-08-21T17:33:44","slug":"tecnicatura-en-administracion-publica","status":"publish","type":"page","link":"https:\/\/isfd10-bue.infd.edu.ar\/sitio\/tecnicatura-en-administracion-publica\/","title":{"rendered":"Tecnicatura en Administraci\u00f3n P\u00fablica"},"content":{"rendered":"<p><strong>PERFIL PROFESIONAL<\/strong><br \/>\nEl T\u00e9cnico Superior en Administraci\u00f3n P\u00fablica tendr\u00e1 una consolidada formaci\u00f3n en \u00e1reas administrativas, contables\u00a0 y\u00a0 de\u00a0 gesti\u00f3n,\u00a0 con\u00a0 conocimientos\u00a0 te\u00f3ricos\u00a0 y\u00a0 pr\u00e1cticos adecuadamente\u00a0 complementados\u00a0 de\u00a0 aplicaci\u00f3n\u00a0 en\u00a0 la\u00a0 Administraci\u00f3n\u00a0 p\u00fablica\u00a0 en\u00a0 sus\u00a0 tres estamentos de gobierno.<br \/>\nTendr\u00e1\u00a0 conocimientos\u00a0 de\u00a0 pol\u00edticas\u00a0 p\u00fablicas,\u00a0 problem\u00e1ticas\u00a0 socio\u00a0 culturales,\u00a0 estad\u00edsticas, nuevas\u00a0 tecnolog\u00edas\u00a0 de\u00a0 la\u00a0 informaci\u00f3n\u00a0 y\u00a0 comunicaci\u00f3n,\u00a0 econom\u00eda\u00a0 y\u00a0 contabilidad,\u00a0 que\u00a0 son necesarios para la aplicaci\u00f3n al quehacer en el \u00e1mbito de trabajo estatal.<br \/>\nAdquirir\u00e1\u00a0 una\u00a0 actitud\u00a0 anal\u00edtica\u00a0 y\u00a0 cr\u00edtica\u00a0 para\u00a0 aplicar\u00a0 a\u00a0 las\u00a0 actividades\u00a0 cotidianas\u00a0 y excepcionales que se planteen en el \u00e1mbito laboral\u00a0 estatal, reconociendo la provisionalidad del conocimiento y la necesidad de una permanente actualizaci\u00f3n.<br \/>\nTendr\u00e1\u00a0 herramientas\u00a0 para\u00a0 ser\u00a0 usadas\u00a0 en\u00a0 la\u00a0 resoluci\u00f3n\u00a0 de\u00a0 problemas\u00a0 relativos\u00a0 a\u00a0 la administraci\u00f3n p\u00fablica.<br \/>\nEl T\u00e9cnico Superior estar\u00e1 capacitado para participar en la gesti\u00f3n del organismo teniendo en\u00a0 cuenta\u00a0 la\u00a0 interpretaci\u00f3n\u00a0 de\u00a0 las\u00a0 pol\u00edticas\u00a0 generales\u00a0 del\u00a0 estado,\u00a0 reflejadas\u00a0 en\u00a0 el\u00a0 plan\u00a0 de gobierno\u00a0 teniendo\u00a0 la\u00a0 posibilidad\u00a0 de\u00a0 lectura\u00a0 del\u00a0 escenario\u00a0 dentro\u00a0 del\u00a0 marco\u00a0 del\u00a0 estado\u00a0 de derecho.<\/p>\n<p>Participar\u00e1 en la puesta en marcha del plan de gobierno del organismo teniendo especial incumbencia en los siguientes ejes transversales:<br \/>\n\u2022 Gesti\u00f3n\u00a0 inter\u00a0 e\u00a0 intra\u00a0 organizacional\u00a0 promoviendo\u00a0 espacios\u00a0 de\u00a0 participaci\u00f3n comunitaria<br \/>\n\u2022 Planificaci\u00f3n,\u00a0 ejecuci\u00f3n\u00a0 y\u00a0 control\u00a0 de\u00a0 procesos\u00a0 administrativos\u00a0 articulando\u00a0 con\u00a0 los diferentes sectores de la organizaci\u00f3n<br \/>\n\u2022 Desarrollo\u00a0 de\u00a0 su\u00a0 capacidad\u00a0 de\u00a0 liderazgo\u00a0 y\u00a0 comunicaci\u00f3n,\u00a0 negociaci\u00f3n\u00a0 y emprendimiento, creatividad y trabajo en equipo.<\/p>\n<h6>Para descargar el dise\u00f1o curricular hacer click sobre el siguiente enlace<\/h6>\n<p><a title=\"Administraci\u00f3n P\u00fablica\" href=\"https:\/\/isfd10-bue.infd.edu.ar\/sitio\/wp-content\/uploads\/2024\/10\/Tec-Sup-Administracion-Publica.pdf\" target=\"_blank\" rel=\"noopener\">DESCARGAR DISE\u00d1O CURRICULAR<\/a><\/p>\n<p><a href=\"https:\/\/isfd10-bue.infd.edu.ar\/sitio\/wp-content\/uploads\/2024\/10\/Materias-y-correlativas.pdf\" target=\"_blank\" rel=\"noopener\">MATERIAS Y CORRELATIVAS<\/a><\/p>\n","protected":false},"excerpt":{"rendered":"<p>PERFIL PROFESIONAL El T\u00e9cnico Superior en Administraci\u00f3n P\u00fablica tendr\u00e1 una consolidada formaci\u00f3n en \u00e1reas administrativas, contables\u00a0 y\u00a0 de\u00a0 gesti\u00f3n,\u00a0 con\u00a0 conocimientos\u00a0 te\u00f3ricos\u00a0 y\u00a0 pr\u00e1cticos adecuadamente\u00a0 complementados\u00a0 de\u00a0 aplicaci\u00f3n\u00a0 en\u00a0 la\u00a0 Administraci\u00f3n\u00a0 p\u00fablica\u00a0 en\u00a0 sus\u00a0 tres estamentos de gobierno. Tendr\u00e1\u00a0 conocimientos\u00a0 de\u00a0 pol\u00edticas\u00a0 p\u00fablicas,\u00a0 problem\u00e1ticas\u00a0 socio\u00a0 culturales,\u00a0 estad\u00edsticas, nuevas\u00a0 tecnolog\u00edas\u00a0 de\u00a0 la\u00a0 informaci\u00f3n\u00a0 y\u00a0 comunicaci\u00f3n,\u00a0 econom\u00eda\u00a0 &#8230; <a title=\"Tecnicatura en Administraci\u00f3n P\u00fablica\" class=\"read-more\" href=\"https:\/\/isfd10-bue.infd.edu.ar\/sitio\/tecnicatura-en-administracion-publica\/\" aria-label=\"More on Tecnicatura en Administraci\u00f3n P\u00fablica\">[+]<\/a><\/p>\n","protected":false},"author":1467,"featured_media":0,"parent":0,"menu_order":0,"comment_status":"closed","ping_status":"closed","template":"","meta":[],"acf":[],"_links":{"self":[{"href":"https:\/\/isfd10-bue.infd.edu.ar\/sitio\/wp-json\/wp\/v2\/pages\/804"}],"collection":[{"href":"https:\/\/isfd10-bue.infd.edu.ar\/sitio\/wp-json\/wp\/v2\/pages"}],"about":[{"href":"https:\/\/isfd10-bue.infd.edu.ar\/sitio\/wp-json\/wp\/v2\/types\/page"}],"author":[{"embeddable":true,"href":"https:\/\/isfd10-bue.infd.edu.ar\/sitio\/wp-json\/wp\/v2\/users\/1467"}],"replies":[{"embeddable":true,"href":"https:\/\/isfd10-bue.infd.edu.ar\/sitio\/wp-json\/wp\/v2\/comments?post=804"}],"version-history":[{"count":6,"href":"https:\/\/isfd10-bue.infd.edu.ar\/sitio\/wp-json\/wp\/v2\/pages\/804\/revisions"}],"predecessor-version":[{"id":2700,"href":"https:\/\/isfd10-bue.infd.edu.ar\/sitio\/wp-json\/wp\/v2\/pages\/804\/revisions\/2700"}],"wp:attachment":[{"href":"https:\/\/isfd10-bue.infd.edu.ar\/sitio\/wp-json\/wp\/v2\/media?parent=804"}],"curies":[{"name":"wp","href":"https:\/\/api.w.org\/{rel}","templated":true}]}}