{"id":797,"date":"2018-08-29T21:04:29","date_gmt":"2018-08-30T00:04:29","guid":{"rendered":"https:\/\/isfd10-bue.infd.edu.ar\/sitio\/tecnicatura-en-acompanamiento-terapeutico\/"},"modified":"2025-08-21T14:34:42","modified_gmt":"2025-08-21T17:34:42","slug":"tecnicatura-en-acompanamiento-terapeutico","status":"publish","type":"page","link":"https:\/\/isfd10-bue.infd.edu.ar\/sitio\/tecnicatura-en-acompanamiento-terapeutico\/","title":{"rendered":"Tecnicatura en Acompa\u00f1amiento Terapeutico"},"content":{"rendered":"<p><strong>PERFIL EGRESADO<\/strong><\/p>\n<p>Es un profesional del campo de la salud mental, que interviene en el abordaje de las personas con padecimientos mentales, en el marco de la indicaci\u00f3n de un equipo interdisciplinario, operando como coordinador de otros acompa\u00f1antes terap\u00e9uticos para facilitar y mediar en la rehabilitaci\u00f3n, la prevenci\u00f3n de posibles reca\u00eddas, la identificaci\u00f3n y anticipaci\u00f3n de situaciones de riesgo\u00a0 y en la vinculaci\u00f3n social de las personas con padecimientos mentales.<\/p>\n<p><strong>SALIDA LABORAL<\/strong><\/p>\n<p>Intervendr\u00e1 en diversos modelos de abordaje, integrando y coordinando la labor de otros acompa\u00f1antes terap\u00e9uticos dentro de grupos de trabajo, a fin de desarrollar su actividad, coordinar acciones comunes y participar en el dise\u00f1o, implementaci\u00f3n y evaluaci\u00f3n de procesos de capacitaci\u00f3n tendientes a la Educaci\u00f3n Permanente en Salud, como parte del trabajo interdisciplinario. Podr\u00e1 desempe\u00f1arse en Instituciones de salud y\/o educaci\u00f3n. Instituciones de atenci\u00f3n de la salud mental y adicciones con o sin dispositivo de internaci\u00f3n. Residenciales (Geri\u00e1tricos, hogares de ni\u00f1os y adolescentes), Centro Educativo Terap\u00e9utico, Hospitales y Centros de d\u00eda. Centros de Asistencia en cat\u00e1strofes. Casas de medio camino y dispositivos de convivencia con distintos niveles de apoyo. Hogar del paciente. Centros de tratamiento de patolog\u00edas de consumo y adicciones. Otros dispositivo en las intervenciones en los espacios comunitarios, judicial y forense.<\/p>\n<p><strong>MODALIDAD DE CURSADA:\u00a0<\/strong>Presencial<\/p>\n<p><strong>TURNO:\u00a0<\/strong>Noche<\/p>\n<h6>Para descargar el dise\u00f1o curricular hacer click sobre el siguiente enlace<\/h6>\n<p><a href=\"https:\/\/isfd10-bue.infd.edu.ar\/sitio\/wp-content\/uploads\/2021\/04\/Estructura-Curricular-TSAT.pdf\" target=\"_blank\" rel=\"noopener\">Estructura Curricular TSAT<\/a><\/p>\n<p><a href=\"https:\/\/isfd10-bue.infd.edu.ar\/sitio\/wp-content\/uploads\/2019\/08\/Mapa-Tecnicatura-Superior-en-Acompa\u00f1ante-Terap\u00e9utico.pdf\" target=\"_blank\" rel=\"noopener\">Mapa Tecnicatura Superior en Acompa\u00f1ante Terap\u00e9utico<\/a><\/p>\n","protected":false},"excerpt":{"rendered":"<p>PERFIL EGRESADO Es un profesional del campo de la salud mental, que interviene en el abordaje de las personas con padecimientos mentales, en el marco de la indicaci\u00f3n de un equipo interdisciplinario, operando como coordinador de otros acompa\u00f1antes terap\u00e9uticos para facilitar y mediar en la rehabilitaci\u00f3n, la prevenci\u00f3n de posibles reca\u00eddas, la identificaci\u00f3n y anticipaci\u00f3n &#8230; <a title=\"Tecnicatura en Acompa\u00f1amiento Terapeutico\" class=\"read-more\" href=\"https:\/\/isfd10-bue.infd.edu.ar\/sitio\/tecnicatura-en-acompanamiento-terapeutico\/\" aria-label=\"More on Tecnicatura en Acompa\u00f1amiento Terapeutico\">[+]<\/a><\/p>\n","protected":false},"author":1467,"featured_media":0,"parent":0,"menu_order":0,"comment_status":"closed","ping_status":"closed","template":"","meta":[],"acf":[],"_links":{"self":[{"href":"https:\/\/isfd10-bue.infd.edu.ar\/sitio\/wp-json\/wp\/v2\/pages\/797"}],"collection":[{"href":"https:\/\/isfd10-bue.infd.edu.ar\/sitio\/wp-json\/wp\/v2\/pages"}],"about":[{"href":"https:\/\/isfd10-bue.infd.edu.ar\/sitio\/wp-json\/wp\/v2\/types\/page"}],"author":[{"embeddable":true,"href":"https:\/\/isfd10-bue.infd.edu.ar\/sitio\/wp-json\/wp\/v2\/users\/1467"}],"replies":[{"embeddable":true,"href":"https:\/\/isfd10-bue.infd.edu.ar\/sitio\/wp-json\/wp\/v2\/comments?post=797"}],"version-history":[{"count":12,"href":"https:\/\/isfd10-bue.infd.edu.ar\/sitio\/wp-json\/wp\/v2\/pages\/797\/revisions"}],"predecessor-version":[{"id":2702,"href":"https:\/\/isfd10-bue.infd.edu.ar\/sitio\/wp-json\/wp\/v2\/pages\/797\/revisions\/2702"}],"wp:attachment":[{"href":"https:\/\/isfd10-bue.infd.edu.ar\/sitio\/wp-json\/wp\/v2\/media?parent=797"}],"curies":[{"name":"wp","href":"https:\/\/api.w.org\/{rel}","templated":true}]}}