{"id":791,"date":"2018-08-29T21:04:28","date_gmt":"2018-08-30T00:04:28","guid":{"rendered":"https:\/\/isfd10-bue.infd.edu.ar\/sitio\/autoridades\/"},"modified":"2025-12-19T15:24:57","modified_gmt":"2025-12-19T18:24:57","slug":"autoridades","status":"publish","type":"page","link":"https:\/\/isfd10-bue.infd.edu.ar\/sitio\/autoridades\/","title":{"rendered":"Autoridades"},"content":{"rendered":"<p style=\"text-align: left;\"><strong>Directora: Prof. Jorgelina Lorena Villanueva<\/strong><\/p>\n<p style=\"text-align: left;\"><strong>Vicedirectora: Prof. Mariana Bianchi<\/strong><\/p>\n<p style=\"text-align: left;\"><strong>Regente: Prof. Fernando Sica<\/strong><\/p>\n<p><strong>Regente: Prof. Cristian Lucero<\/strong><\/p>\n<p style=\"text-align: left;\"><strong>Secretaria: Prof. Ana Laura Insaurralde<\/strong><\/p>\n<p style=\"text-align: left;\"><span style=\"color: #008000;\"><strong>EQUIPO DE CONDUCCI\u00d3N\u00a0<\/strong><\/span><\/p>\n<p style=\"text-align: left;\"><strong>Jefe de \u00c1rea Cs. Naturales: Prof. Laura Blanco<\/strong><\/p>\n<p style=\"text-align: left;\"><strong>Jefe de \u00c1rea Matem\u00e1tica: Prof. Mariela Balcarce<\/strong><\/p>\n<p style=\"text-align: left;\"><strong>Jefe de \u00c1rea Psicopedagog\u00eda: Prof. Pamela Martin\u00a0<\/strong><\/p>\n<p style=\"text-align: left;\"><strong>Jefe de \u00c1rea Lengua y Literatura: Prof. Laura Blanco<\/strong><\/p>\n<p style=\"text-align: left;\"><strong>Jefe de \u00c1rea Historia y Geograf\u00eda: Prof. Amalia Garmendia<\/strong><\/p>\n<p style=\"text-align: left;\"><span style=\"color: #ff6600;\"><strong>\u00a0<\/strong><\/span><\/p>\n","protected":false},"excerpt":{"rendered":"<p>Directora: Prof. Jorgelina Lorena Villanueva Vicedirectora: Prof. Mariana Bianchi Regente: Prof. Fernando Sica Regente: Prof. Cristian Lucero Secretaria: Prof. Ana Laura Insaurralde EQUIPO DE CONDUCCI\u00d3N\u00a0 Jefe de \u00c1rea Cs. Naturales: Prof. Laura Blanco Jefe de \u00c1rea Matem\u00e1tica: Prof. Mariela Balcarce Jefe de \u00c1rea Psicopedagog\u00eda: Prof. Pamela Martin\u00a0 Jefe de \u00c1rea Lengua y Literatura: Prof. Laura &#8230; <a title=\"Autoridades\" class=\"read-more\" href=\"https:\/\/isfd10-bue.infd.edu.ar\/sitio\/autoridades\/\" aria-label=\"More on Autoridades\">[+]<\/a><\/p>\n","protected":false},"author":1467,"featured_media":0,"parent":0,"menu_order":0,"comment_status":"closed","ping_status":"closed","template":"","meta":[],"acf":[],"_links":{"self":[{"href":"https:\/\/isfd10-bue.infd.edu.ar\/sitio\/wp-json\/wp\/v2\/pages\/791"}],"collection":[{"href":"https:\/\/isfd10-bue.infd.edu.ar\/sitio\/wp-json\/wp\/v2\/pages"}],"about":[{"href":"https:\/\/isfd10-bue.infd.edu.ar\/sitio\/wp-json\/wp\/v2\/types\/page"}],"author":[{"embeddable":true,"href":"https:\/\/isfd10-bue.infd.edu.ar\/sitio\/wp-json\/wp\/v2\/users\/1467"}],"replies":[{"embeddable":true,"href":"https:\/\/isfd10-bue.infd.edu.ar\/sitio\/wp-json\/wp\/v2\/comments?post=791"}],"version-history":[{"count":18,"href":"https:\/\/isfd10-bue.infd.edu.ar\/sitio\/wp-json\/wp\/v2\/pages\/791\/revisions"}],"predecessor-version":[{"id":2853,"href":"https:\/\/isfd10-bue.infd.edu.ar\/sitio\/wp-json\/wp\/v2\/pages\/791\/revisions\/2853"}],"wp:attachment":[{"href":"https:\/\/isfd10-bue.infd.edu.ar\/sitio\/wp-json\/wp\/v2\/media?parent=791"}],"curies":[{"name":"wp","href":"https:\/\/api.w.org\/{rel}","templated":true}]}}