{"id":789,"date":"2018-08-29T21:04:27","date_gmt":"2018-08-30T00:04:27","guid":{"rendered":"https:\/\/isfd10-bue.infd.edu.ar\/sitio\/profesorado-de-biologia\/"},"modified":"2025-08-21T16:01:56","modified_gmt":"2025-08-21T19:01:56","slug":"profesorado-de-biologia","status":"publish","type":"page","link":"https:\/\/isfd10-bue.infd.edu.ar\/sitio\/profesorado-de-biologia\/","title":{"rendered":"Profesorado de Ed. Secundaria en Biolog\u00eda"},"content":{"rendered":"<p><span style=\"font-weight: 400;\">\u00a0El Profesorado de Educaci\u00f3n Secundaria en Biolog\u00eda de la provincia de Buenos Aires, tiene como finalidad formar docentes comprometidos con la igualdad y la garant\u00eda del derecho social a la educaci\u00f3n desde la confianza de que todas y todos pueden aprender afianzando la creciente autonom\u00eda de las y los estudiantes. Las l\u00edneas presentadas expresan los prop\u00f3sitos, otorgan direccionalidad al dise\u00f1o y orientan la formaci\u00f3n de profesoras y profesores que: \u2022se consideren parte de un proceso social de trasmisi\u00f3n de las culturas en di\u00e1logo con las transformaciones sociales contempor\u00e1neas, \u2022lean su contexto a partir de las construcciones pol\u00edticas, culturales y pedag\u00f3gicas desde Am\u00e9rica Latina, Argentina y la provincia de Buenos Aires para interrogarse, intervenir, ense\u00f1ar y transformar(se), y \u2022asuman la centralidad de la ense\u00f1anza como condici\u00f3n ineludible que posibilita abordar y resolver los problemas de la transmisi\u00f3n y el acceso democr\u00e1tico a los conocimientos.\u00a0<\/span><\/p>\n<p><span style=\"font-weight: 400;\">Este dise\u00f1o curricular se compromete con la formaci\u00f3n de profesoras y profesores que asuman la ense\u00f1anza de la biolog\u00eda desde un enfoque evolutivo, en tanto posibilita interpretar y sistematizar el conocimiento acerca de la diversidad biol\u00f3gica, articulando diferentes escalas temporales, confiri\u00e9ndole historicidad y contexto. Se propone que aborden la ense\u00f1anza acerca de los sistemas biol\u00f3gicos desde una perspectiva que integre y articule diferentes niveles de organizaci\u00f3n, y de cuenta de m\u00faltiples interacciones con el ambiente. A la vez, sostiene un enfoque que propone superar el car\u00e1cter neutral atribuido a la ciencia y retomar su car\u00e1cter hist\u00f3rico y complejo, vinculado con procesos sociales. De esta manera, promueve abordar problemas socio-cient\u00edficos desde una perspectiva multidimensional e integral, en particular aquellos vinculados con el ambiente y la salud. Este enfoque promueve la reflexi\u00f3n y problematizaci\u00f3n de los conocimientos biol\u00f3gicos y did\u00e1cticos, asumiendo el desaf\u00edo que implica dise\u00f1ar propuestas de ense\u00f1anza situadas que consideren diversidad de destinatarias y destinatarios, contextos y pr\u00e1cticas.\u00a0\u00a0\u00a0\u00a0<\/span><\/p>\n<p style=\"text-align: left;\"><strong><span style=\"font-family: verdana,geneva; font-size: 10pt;\"><a title=\"Dise\u00f1o Curricular Biolog\u00eda\" href=\"https:\/\/isfd10-bue.infd.edu.ar\/sitio\/wp-content\/uploads\/2023\/12\/Diseno-curricular-del-Prof-de-Biologia.pdf\" target=\"_blank\" rel=\"noopener\">ESTRUCTURA CURRICULAR<\/a><\/span><\/strong><\/p>\n<p>Para conocer m\u00e1s sobre el Profesorado de Qu\u00edmica, hacer click sobre el siguiente enlace.<\/p>\n<p style=\"text-align: left;\"><a href=\"https:\/\/padlet.com\/laurablanco15\/profesorado-de-biolog-a-y-qu-mica-l9wbsk0ky8c65idg\" target=\"_blank\" rel=\"noopener\">M\u00e1s informaci\u00f3n de la carrera<\/a><\/p>\n\n\n<p><\/p>\n","protected":false},"excerpt":{"rendered":"<p>\u00a0El Profesorado de Educaci\u00f3n Secundaria en Biolog\u00eda de la provincia de Buenos Aires, tiene como finalidad formar docentes comprometidos con la igualdad y la garant\u00eda del derecho social a la educaci\u00f3n desde la confianza de que todas y todos pueden aprender afianzando la creciente autonom\u00eda de las y los estudiantes. Las l\u00edneas presentadas expresan los &#8230; <a title=\"Profesorado de Ed. Secundaria en Biolog\u00eda\" class=\"read-more\" href=\"https:\/\/isfd10-bue.infd.edu.ar\/sitio\/profesorado-de-biologia\/\" aria-label=\"More on Profesorado de Ed. Secundaria en Biolog\u00eda\">[+]<\/a><\/p>\n","protected":false},"author":1467,"featured_media":0,"parent":0,"menu_order":0,"comment_status":"closed","ping_status":"closed","template":"","meta":[],"acf":[],"_links":{"self":[{"href":"https:\/\/isfd10-bue.infd.edu.ar\/sitio\/wp-json\/wp\/v2\/pages\/789"}],"collection":[{"href":"https:\/\/isfd10-bue.infd.edu.ar\/sitio\/wp-json\/wp\/v2\/pages"}],"about":[{"href":"https:\/\/isfd10-bue.infd.edu.ar\/sitio\/wp-json\/wp\/v2\/types\/page"}],"author":[{"embeddable":true,"href":"https:\/\/isfd10-bue.infd.edu.ar\/sitio\/wp-json\/wp\/v2\/users\/1467"}],"replies":[{"embeddable":true,"href":"https:\/\/isfd10-bue.infd.edu.ar\/sitio\/wp-json\/wp\/v2\/comments?post=789"}],"version-history":[{"count":14,"href":"https:\/\/isfd10-bue.infd.edu.ar\/sitio\/wp-json\/wp\/v2\/pages\/789\/revisions"}],"predecessor-version":[{"id":2706,"href":"https:\/\/isfd10-bue.infd.edu.ar\/sitio\/wp-json\/wp\/v2\/pages\/789\/revisions\/2706"}],"wp:attachment":[{"href":"https:\/\/isfd10-bue.infd.edu.ar\/sitio\/wp-json\/wp\/v2\/media?parent=789"}],"curies":[{"name":"wp","href":"https:\/\/api.w.org\/{rel}","templated":true}]}}