{"id":770,"date":"2018-08-29T21:04:18","date_gmt":"2018-08-30T00:04:18","guid":{"rendered":"https:\/\/isfd10-bue.infd.edu.ar\/sitio\/el-instituto\/"},"modified":"2024-10-17T14:57:12","modified_gmt":"2024-10-17T17:57:12","slug":"el-instituto","status":"publish","type":"page","link":"https:\/\/isfd10-bue.infd.edu.ar\/sitio\/el-instituto\/","title":{"rendered":"EL INSTITUTO"},"content":{"rendered":"\n<div class=\"wp-block-columns is-layout-flex wp-container-3\">\n<div class=\"wp-block-column is-layout-flow\">\n<figure class=\"wp-block-image size-full\"><img decoding=\"async\" loading=\"lazy\" width=\"812\" height=\"608\" src=\"https:\/\/isfd10-bue.infd.edu.ar\/sitio\/wp-content\/uploads\/2023\/11\/Foto-frente.jpg\" alt=\"\" class=\"wp-image-2244\" srcset=\"https:\/\/isfd10-bue.infd.edu.ar\/sitio\/wp-content\/uploads\/2023\/11\/Foto-frente.jpg 812w, https:\/\/isfd10-bue.infd.edu.ar\/sitio\/wp-content\/uploads\/2023\/11\/Foto-frente-768x575.jpg 768w\" sizes=\"(max-width: 812px) 100vw, 812px\" \/><\/figure>\n<\/div>\n\n\n\n<div class=\"wp-block-column is-layout-flow\">\n<p>El&nbsp;Instituto Superior de Formaci\u00f3n Docente y T\u00e9cnica N\u00b0 10 es una instituci\u00f3n p\u00fablica que desde hace 50 a\u00f1os cuenta con una amplia oferta acad\u00e9mica de grado para la ense\u00f1anza en el nivel secundario y recientemente ha incorporado tecnicaturas superiores.<\/p>\n\n\n\n<p>Este sitio permite obtener informaci\u00f3n general,&nbsp;administrativa y espec\u00edfica sobre las distintas&nbsp;carreras de la instituci\u00f3n. Tambi\u00e9n es posible encontrar&nbsp;datos de inter\u00e9s para alumnos y docentes; al mismo tiempo brinda la posibilidad de construir espacios de comunicaci\u00f3n y aprendizaje entre los miembros de la instituci\u00f3n.<\/p>\n\n\n\n<p>Junto con varios cientos de Institutos, integramos la&nbsp;<strong><em>Red&nbsp;Virtual de Institutos Superiores de Formaci\u00f3n Docente<\/em><\/strong>&nbsp;coordinada por el&nbsp;<strong>INFD<\/strong>&nbsp;(Instituto Nacional de Formaci\u00f3n Docente) dependiente del Ministerio de Educaci\u00f3n de la Naci\u00f3n Argentina.<\/p>\n<\/div>\n<\/div>\n\n\n\n<p>Canal oficial de Youtube: <a rel=\"noreferrer noopener\" href=\"http:\/\/www.youtube.com\/@isfdyt10\" data-type=\"URL\" data-id=\"http:\/\/www.youtube.com\/@isfdyt10\" target=\"_blank\">http:\/\/www.youtube.com\/@isfdyt10<\/a><\/p>\n","protected":false},"excerpt":{"rendered":"<p>El&nbsp;Instituto Superior de Formaci\u00f3n Docente y T\u00e9cnica N\u00b0 10 es una instituci\u00f3n p\u00fablica que desde hace 50 a\u00f1os cuenta con una amplia oferta acad\u00e9mica de grado para la ense\u00f1anza en el nivel secundario y recientemente ha incorporado tecnicaturas superiores. Este sitio permite obtener informaci\u00f3n general,&nbsp;administrativa y espec\u00edfica sobre las distintas&nbsp;carreras de la instituci\u00f3n. Tambi\u00e9n es &#8230; <a title=\"EL INSTITUTO\" class=\"read-more\" href=\"https:\/\/isfd10-bue.infd.edu.ar\/sitio\/el-instituto\/\" aria-label=\"More on EL INSTITUTO\">[+]<\/a><\/p>\n","protected":false},"author":1467,"featured_media":0,"parent":0,"menu_order":0,"comment_status":"closed","ping_status":"closed","template":"","meta":[],"acf":[],"_links":{"self":[{"href":"https:\/\/isfd10-bue.infd.edu.ar\/sitio\/wp-json\/wp\/v2\/pages\/770"}],"collection":[{"href":"https:\/\/isfd10-bue.infd.edu.ar\/sitio\/wp-json\/wp\/v2\/pages"}],"about":[{"href":"https:\/\/isfd10-bue.infd.edu.ar\/sitio\/wp-json\/wp\/v2\/types\/page"}],"author":[{"embeddable":true,"href":"https:\/\/isfd10-bue.infd.edu.ar\/sitio\/wp-json\/wp\/v2\/users\/1467"}],"replies":[{"embeddable":true,"href":"https:\/\/isfd10-bue.infd.edu.ar\/sitio\/wp-json\/wp\/v2\/comments?post=770"}],"version-history":[{"count":8,"href":"https:\/\/isfd10-bue.infd.edu.ar\/sitio\/wp-json\/wp\/v2\/pages\/770\/revisions"}],"predecessor-version":[{"id":2420,"href":"https:\/\/isfd10-bue.infd.edu.ar\/sitio\/wp-json\/wp\/v2\/pages\/770\/revisions\/2420"}],"wp:attachment":[{"href":"https:\/\/isfd10-bue.infd.edu.ar\/sitio\/wp-json\/wp\/v2\/media?parent=770"}],"curies":[{"name":"wp","href":"https:\/\/api.w.org\/{rel}","templated":true}]}}