{"id":286,"date":"2016-10-31T13:17:59","date_gmt":"2016-10-31T16:17:59","guid":{"rendered":"https:\/\/isfd10-bue.infd.edu.ar\/sitio\/?page_id=286"},"modified":"2026-03-26T16:56:18","modified_gmt":"2026-03-26T19:56:18","slug":"inicio","status":"publish","type":"page","link":"https:\/\/isfd10-bue.infd.edu.ar\/sitio\/","title":{"rendered":""},"content":{"rendered":"<h4 style=\"text-align: center;\"><span style=\"color: #993366;\"><strong>10\/5\/1960-10\/5\/2020<\/strong><\/span><\/h4>\n<h4 style=\"text-align: center;\"><span style=\"color: #993366;\"><strong>Nuestro Instituto cumple 60 a\u00f1os de historia<\/strong><\/span><\/h4>\n<h5 style=\"text-align: center;\"><span style=\"color: #993366;\">al servicio de la Educaci\u00f3n en Tandil, la regi\u00f3n, la provincia y el pa\u00eds<\/span><\/h5>\n<p><a href=\"https:\/\/www.youtube.com\/watch?v=w8ceAFJAmEo\"><img decoding=\"async\" loading=\"lazy\" class=\"aligncenter wp-image-1012\" src=\"https:\/\/isfd10-bue.infd.edu.ar\/sitio\/wp-content\/uploads\/2020\/05\/los-60-del-10.png\" alt=\"\" width=\"519\" height=\"302\" \/><\/a><\/p>\n<p style=\"text-align: center;\"><span style=\"font-size: 12pt;\"><strong><span style=\"color: #333300;\"><span style=\"font-family: arial,helvetica,sans-serif;\">Instituto Superior <\/span><span style=\"font-family: arial,helvetica,sans-serif;\">de Formaci\u00f3n <\/span><\/span><\/strong><\/span><span style=\"font-size: 12pt;\"><strong><span style=\"color: #333300;\"><span style=\"font-family: arial,helvetica,sans-serif;\">Docente\u00a0y <\/span><span style=\"font-family: arial,helvetica,sans-serif;\">T\u00e9cnica <\/span><span style=\"font-family: arial,helvetica,sans-serif;\">N\u00ba 10 <\/span><\/span><\/strong><\/span><\/p>\n<p style=\"text-align: center;\"><strong><span style=\"font-family: arial,helvetica,sans-serif; color: #333300; font-size: 14pt;\">\u00abDr. Osvaldo Zarini\u00bb<\/span><\/strong><\/p>\n<p><span style=\"font-size: 10pt; color: black; font-family: Verdana;\"> <img decoding=\"async\" loading=\"lazy\" class=\" wp-image-2244 aligncenter\" src=\"https:\/\/isfd10-bue.infd.edu.ar\/sitio\/wp-content\/uploads\/2023\/11\/Foto-frente.jpg\" alt=\"\" width=\"678\" height=\"507\" srcset=\"https:\/\/isfd10-bue.infd.edu.ar\/sitio\/wp-content\/uploads\/2023\/11\/Foto-frente.jpg 812w, https:\/\/isfd10-bue.infd.edu.ar\/sitio\/wp-content\/uploads\/2023\/11\/Foto-frente-768x575.jpg 768w\" sizes=\"(max-width: 678px) 100vw, 678px\" \/><\/span><\/p>\n<p style=\"text-align: justify;\"><span style=\"font-size: 10pt; color: black; font-family: Verdana;\">El\u00a0<\/span><span style=\"font-size: 10pt; color: black; font-family: Verdana;\">Instituto Superior es una instituci\u00f3n p\u00fablica que desde hace 50 a\u00f1os cuenta con una amplia oferta acad\u00e9mica de grado para la ense\u00f1anza en el nivel secundario y recientemente ha incorporado tecnicaturas superiores.<\/span><\/p>\n<p style=\"text-align: justify;\"><span style=\"font-size: 10pt; color: black; font-family: Verdana;\">Este sitio permite obtener informaci\u00f3n general,\u00a0administrativa y espec\u00edfica sobre las las distintas\u00a0carreras de la instituci\u00f3n. Tambi\u00e9n es posible encontrar\u00a0datos de inter\u00e9s para alumnos y docentes; al mismo tiempo brinda la posibilidad de construir espacios de comunicaci\u00f3n y aprendizaje entre los miembros de la instituci\u00f3n.<\/span><\/p>\n<p style=\"text-align: justify;\"><span style=\"font-size: 14pt; color: black; font-family: Verdana;\"><img decoding=\"async\" src=\"https:\/\/isfd10-bue.infd.edu.ar\/sitio\/wp-content\/uploads\/2018\/08\/la_red.jpg\" alt=\"Red virtual\" align=\"left\" border=\"0\" hspace=\"10\" \/><\/span><span style=\"font-size: 10pt; color: black; font-family: Verdana;\">Junto con varios cientos de Institutos, integramos la <strong><em><span style=\"font-family: Verdana;\">Red\u00a0Virtual de Institutos Superiores de Formaci\u00f3n Docente<\/span><\/em><\/strong>\u00a0coordinada por el <strong><span style=\"font-family: Verdana;\">INFD<\/span><\/strong> (Instituto Nacional de Formaci\u00f3n Docente) dependiente del Ministerio de Educaci\u00f3n de la Naci\u00f3n Argentina.<\/span><\/p>\n","protected":false},"excerpt":{"rendered":"<p>10\/5\/1960-10\/5\/2020 Nuestro Instituto cumple 60 a\u00f1os de historia al servicio de la Educaci\u00f3n en Tandil, la regi\u00f3n, la provincia y el pa\u00eds Instituto Superior de Formaci\u00f3n Docente\u00a0y T\u00e9cnica N\u00ba 10 \u00abDr. Osvaldo Zarini\u00bb El\u00a0Instituto Superior es una instituci\u00f3n p\u00fablica que desde hace 50 a\u00f1os cuenta con una amplia oferta acad\u00e9mica de grado para la ense\u00f1anza &#8230; <a title=\"\" class=\"read-more\" href=\"https:\/\/isfd10-bue.infd.edu.ar\/sitio\/\" aria-label=\"More on \">[+]<\/a><\/p>\n","protected":false},"author":1,"featured_media":2921,"parent":0,"menu_order":0,"comment_status":"closed","ping_status":"closed","template":"","meta":[],"acf":[],"_links":{"self":[{"href":"https:\/\/isfd10-bue.infd.edu.ar\/sitio\/wp-json\/wp\/v2\/pages\/286"}],"collection":[{"href":"https:\/\/isfd10-bue.infd.edu.ar\/sitio\/wp-json\/wp\/v2\/pages"}],"about":[{"href":"https:\/\/isfd10-bue.infd.edu.ar\/sitio\/wp-json\/wp\/v2\/types\/page"}],"author":[{"embeddable":true,"href":"https:\/\/isfd10-bue.infd.edu.ar\/sitio\/wp-json\/wp\/v2\/users\/1"}],"replies":[{"embeddable":true,"href":"https:\/\/isfd10-bue.infd.edu.ar\/sitio\/wp-json\/wp\/v2\/comments?post=286"}],"version-history":[{"count":484,"href":"https:\/\/isfd10-bue.infd.edu.ar\/sitio\/wp-json\/wp\/v2\/pages\/286\/revisions"}],"predecessor-version":[{"id":2923,"href":"https:\/\/isfd10-bue.infd.edu.ar\/sitio\/wp-json\/wp\/v2\/pages\/286\/revisions\/2923"}],"wp:featuredmedia":[{"embeddable":true,"href":"https:\/\/isfd10-bue.infd.edu.ar\/sitio\/wp-json\/wp\/v2\/media\/2921"}],"wp:attachment":[{"href":"https:\/\/isfd10-bue.infd.edu.ar\/sitio\/wp-json\/wp\/v2\/media?parent=286"}],"curies":[{"name":"wp","href":"https:\/\/api.w.org\/{rel}","templated":true}]}}