{"id":2724,"date":"2025-10-23T17:11:24","date_gmt":"2025-10-23T20:11:24","guid":{"rendered":"https:\/\/isfd10-bue.infd.edu.ar\/sitio\/?page_id=2724"},"modified":"2025-11-27T13:34:30","modified_gmt":"2025-11-27T16:34:30","slug":"cooperadora","status":"publish","type":"page","link":"https:\/\/isfd10-bue.infd.edu.ar\/sitio\/cooperadora\/","title":{"rendered":"COOPERADORA"},"content":{"rendered":"\n<p>La Asociaci\u00f3n Cooperadora del I.S.F.D. y T. N\u00b010 est\u00e1 integrada por una Comisi\u00f3n Directiva, una Comisi\u00f3n Revisora de Cuentas, Representantes ante la Federaci\u00f3n de Cooperadoras y socios activos que colaboran, en su conjunto, en forma voluntaria. Sus integrantes son docentes, auxiliares, estudiantes y docentes jubilados de nuestro instituto.<br>Es una asociaci\u00f3n sin fines de lucro, que trabaja en beneficio de la Instituci\u00f3n, aportando ideas y llevando a cabo acciones que procuran mejorar el espacio de estudio y trabajo. Acompa\u00f1a de esta forma a la gesti\u00f3n del Equipo Directivo en relaci\u00f3n a cubrir necesidades como la compra de art\u00edculos de librer\u00eda, art\u00edculos de limpieza e higiene, mantenimiento, reparaciones edilicias, entre<br>otras.<br>La Cooperadora necesita y agradece el aporte de todos, estudiantes y docentes. Dicho aporte se efect\u00faa mediante el pago de cuotas mensuales o cuota anual, por donaciones, colaboraci\u00f3n en ferias, bono contribuci\u00f3n o rifas. Estas son algunas de las formas voluntarias de contribuir a la<br>Cooperadora.<\/p>\n\n\n\n<p class=\"has-text-align-center\"><strong>Medios y formas de pago:<\/strong><br>Cuota Societaria anual: $14000<br>Cuotas Societarias mensuales: 9 cuotas de $2000 cada una<br><strong>Mediante transferencia:<\/strong><br>Banco Provincia de Buenos Aires<br>Titular: Asoc. Cooperadora ISFD N 10<br>Cuenta Corriente en Pesos: 6302-11393\/9<br>CUIL: 30667316320<br>Alias: cooperadora.deldiez<br><strong>Pago en efectivo<\/strong>:<br>en Biblioteca, durante los tres turnos.<\/p>\n\n\n\n<p class=\"has-text-align-center\">Una vez efectuado el pago, por favor completar el siguiente formulario<br><a href=\"https:\/\/forms.gle\/MUQvKtpjdyQ5GMqu5\" data-type=\"URL\" data-id=\"https:\/\/forms.gle\/MUQvKtpjdyQ5GMqu5\">https:\/\/forms.gle\/MUQvKtpjdyQ5GMqu5<\/a>, adjuntando el comprobante.<br>\u00a1Muchas gracias!<\/p>\n\n\n\n<h4 class=\"wp-block-heading has-text-align-center\">NUEVA COMISI\u00d3N DIRECTIVA<\/h4>\n\n\n\n<p class=\"has-text-align-center\">N\u00f3mina 2025<\/p>\n\n\n\n<div class=\"wp-block-columns is-layout-flex wp-container-3\">\n<div class=\"wp-block-column is-layout-flow\" style=\"flex-basis:100%\">\n<div class=\"wp-block-group is-layout-constrained\"><div class=\"wp-block-group__inner-container\">\n<figure class=\"wp-block-table is-style-regular\"><table><tbody><tr><td>Cargo <\/td><td>Apellido y Nombres<\/td><\/tr><tr><td>Presidente<\/td><td>Neyertz, Mar\u00eda Daniela<\/td><\/tr><tr><td>Vice &#8211; Presidente<\/td><td>Fern\u00e1ndez, Mariela<\/td><\/tr><tr><td>Secretario<\/td><td>Bazoberri, Juan Ignacio<\/td><\/tr><tr><td>Pro-Secretario<\/td><td>Perez, Mar\u00eda Luz<\/td><\/tr><tr><td>Tesorero<\/td><td>Ruiz, Pedro Pablo<\/td><\/tr><tr><td>Pro-Tesorero<\/td><td>Suarez, Sandra Fabiana<\/td><\/tr><tr><td>Vocal Titular<\/td><td>Molina, Gimena Gisele<\/td><\/tr><tr><td>Vocal Titular<\/td><td>Salgueiro, Laura<\/td><\/tr><tr><td>Vocal Titular<\/td><td>Olivares, Nelly Cristina<\/td><\/tr><tr><td>Vocal Suplente<\/td><td>Dic\u00f3simo, Mar\u00eda Andrea<\/td><\/tr><tr><td>Vocal Suplente<\/td><td>Grinstein , Candela<\/td><\/tr><\/tbody><\/table><\/figure>\n<\/div><\/div>\n<\/div>\n<\/div>\n\n\n\n<h4 class=\"wp-block-heading has-text-align-center\">NUEVA COMISI\u00d3N REVISORA<\/h4>\n\n\n\n<p class=\"has-text-align-center\">N\u00f3mina 2025<\/p>\n\n\n\n<div class=\"wp-block-columns is-layout-flex wp-container-6\">\n<div class=\"wp-block-column is-layout-flow\" style=\"flex-basis:100%\">\n<div class=\"wp-block-group is-layout-constrained\"><div class=\"wp-block-group__inner-container\">\n<figure class=\"wp-block-table\"><table><tbody><tr><td>Cargo<\/td><td>Apellido y Nombres<\/td><\/tr><tr><td>Titular Docente<\/td><td>Garc\u00eda, Karina Alejandra<\/td><\/tr><tr><td>Titular<\/td><td>Quaglia Blanco, Lautaro<\/td><\/tr><tr><td>Suplente<\/td><td>Acosta, Gabriela Edith<\/td><\/tr><tr><td>Asesor\/a<\/td><td>Villanueva, Jorgelina<\/td><\/tr><\/tbody><\/table><\/figure>\n<\/div><\/div>\n<\/div>\n<\/div>\n\n\n\n<h4 class=\"wp-block-heading has-text-align-center\">Representantes ante la Federaci\u00f3n de Cooperadoras<\/h4>\n\n\n\n<div class=\"wp-block-group is-layout-constrained\"><div class=\"wp-block-group__inner-container\">\n<figure class=\"wp-block-table\"><table><tbody><tr><td>Cargo<\/td><td>Apellido y Nombres<\/td><\/tr><tr><td>Titular<\/td><td>Ruiz, Pedro Pablo<\/td><\/tr><tr><td>Suplente<\/td><td>Bazoberri, Juan Ignacio<\/td><\/tr><\/tbody><\/table><\/figure>\n<\/div><\/div>\n","protected":false},"excerpt":{"rendered":"<p>La Asociaci\u00f3n Cooperadora del I.S.F.D. y T. N\u00b010 est\u00e1 integrada por una Comisi\u00f3n Directiva, una Comisi\u00f3n Revisora de Cuentas, Representantes ante la Federaci\u00f3n de Cooperadoras y socios activos que colaboran, en su conjunto, en forma voluntaria. Sus integrantes son docentes, auxiliares, estudiantes y docentes jubilados de nuestro instituto.Es una asociaci\u00f3n sin fines de lucro, que &#8230; <a title=\"COOPERADORA\" class=\"read-more\" href=\"https:\/\/isfd10-bue.infd.edu.ar\/sitio\/cooperadora\/\" aria-label=\"More on COOPERADORA\">[+]<\/a><\/p>\n","protected":false},"author":2084,"featured_media":0,"parent":0,"menu_order":0,"comment_status":"closed","ping_status":"closed","template":"","meta":[],"acf":[],"_links":{"self":[{"href":"https:\/\/isfd10-bue.infd.edu.ar\/sitio\/wp-json\/wp\/v2\/pages\/2724"}],"collection":[{"href":"https:\/\/isfd10-bue.infd.edu.ar\/sitio\/wp-json\/wp\/v2\/pages"}],"about":[{"href":"https:\/\/isfd10-bue.infd.edu.ar\/sitio\/wp-json\/wp\/v2\/types\/page"}],"author":[{"embeddable":true,"href":"https:\/\/isfd10-bue.infd.edu.ar\/sitio\/wp-json\/wp\/v2\/users\/2084"}],"replies":[{"embeddable":true,"href":"https:\/\/isfd10-bue.infd.edu.ar\/sitio\/wp-json\/wp\/v2\/comments?post=2724"}],"version-history":[{"count":5,"href":"https:\/\/isfd10-bue.infd.edu.ar\/sitio\/wp-json\/wp\/v2\/pages\/2724\/revisions"}],"predecessor-version":[{"id":2831,"href":"https:\/\/isfd10-bue.infd.edu.ar\/sitio\/wp-json\/wp\/v2\/pages\/2724\/revisions\/2831"}],"wp:attachment":[{"href":"https:\/\/isfd10-bue.infd.edu.ar\/sitio\/wp-json\/wp\/v2\/media?parent=2724"}],"curies":[{"name":"wp","href":"https:\/\/api.w.org\/{rel}","templated":true}]}}