{"id":2158,"date":"2023-05-05T14:11:05","date_gmt":"2023-05-05T17:11:05","guid":{"rendered":"https:\/\/isfd10-bue.infd.edu.ar\/sitio\/?page_id=2158"},"modified":"2025-10-23T17:15:36","modified_gmt":"2025-10-23T20:15:36","slug":"coordinacion-institucional-de-politicas-estudiantiles-cipe","status":"publish","type":"page","link":"https:\/\/isfd10-bue.infd.edu.ar\/sitio\/coordinacion-institucional-de-politicas-estudiantiles-cipe\/","title":{"rendered":"Coordinaci\u00f3n inst. de pol\u00edticas estudiantiles (CIPE)"},"content":{"rendered":"\n<p><strong>Coordinador<\/strong>: Ra\u00fal Nicol\u00e1s Mart\u00ednez <\/p>\n\n\n\n<p><strong>Contacto<\/strong>: cipe@isfdyt10tandil.edu.ar<\/p>\n\n\n\n<p><\/p>\n","protected":false},"excerpt":{"rendered":"<p>Coordinador: Ra\u00fal Nicol\u00e1s Mart\u00ednez Contacto: cipe@isfdyt10tandil.edu.ar<\/p>\n","protected":false},"author":2084,"featured_media":0,"parent":0,"menu_order":0,"comment_status":"closed","ping_status":"closed","template":"","meta":[],"acf":[],"_links":{"self":[{"href":"https:\/\/isfd10-bue.infd.edu.ar\/sitio\/wp-json\/wp\/v2\/pages\/2158"}],"collection":[{"href":"https:\/\/isfd10-bue.infd.edu.ar\/sitio\/wp-json\/wp\/v2\/pages"}],"about":[{"href":"https:\/\/isfd10-bue.infd.edu.ar\/sitio\/wp-json\/wp\/v2\/types\/page"}],"author":[{"embeddable":true,"href":"https:\/\/isfd10-bue.infd.edu.ar\/sitio\/wp-json\/wp\/v2\/users\/2084"}],"replies":[{"embeddable":true,"href":"https:\/\/isfd10-bue.infd.edu.ar\/sitio\/wp-json\/wp\/v2\/comments?post=2158"}],"version-history":[{"count":5,"href":"https:\/\/isfd10-bue.infd.edu.ar\/sitio\/wp-json\/wp\/v2\/pages\/2158\/revisions"}],"predecessor-version":[{"id":2733,"href":"https:\/\/isfd10-bue.infd.edu.ar\/sitio\/wp-json\/wp\/v2\/pages\/2158\/revisions\/2733"}],"wp:attachment":[{"href":"https:\/\/isfd10-bue.infd.edu.ar\/sitio\/wp-json\/wp\/v2\/media?parent=2158"}],"curies":[{"name":"wp","href":"https:\/\/api.w.org\/{rel}","templated":true}]}}