{"id":1085,"date":"2020-11-03T12:02:30","date_gmt":"2020-11-03T15:02:30","guid":{"rendered":"https:\/\/isfd10-bue.infd.edu.ar\/sitio\/?page_id=1085"},"modified":"2026-03-06T17:01:15","modified_gmt":"2026-03-06T20:01:15","slug":"ingreso-2026","status":"publish","type":"page","link":"https:\/\/isfd10-bue.infd.edu.ar\/sitio\/ingreso-2026\/","title":{"rendered":"INGRESO 2026"},"content":{"rendered":"\n<p>Estimadas\/os ingresantes 2026: Le damos la bienvenida al Instituto de Formaci\u00f3n Docente y T\u00e9cnica N\u00b0 10 OSVALDO ZARINI. Nos alegra convocarlas\/os a las actividades de recibimiento de cada carrera&nbsp; que se iniciar\u00e1n la semana pr\u00f3xima.&nbsp;La invitaci\u00f3n es para este lunes 9 de marzo a la presentaci\u00f3n institucional. All\u00ed recibir\u00e1n tambi\u00e9n la informaci\u00f3n sobre las actividades siguientes y el inicio de clases para el ciclo lectivo 2026.<\/p>\n\n\n\n<p>Estos son los horarios:<\/p>\n\n\n\n<p>9hs&nbsp;Psicopedagog\u00eda<\/p>\n\n\n\n<p>10 hs Profesorados de Ingl\u00e9s y de Lengua y Literatura<\/p>\n\n\n\n<p>14 hs&nbsp; Profesorados de Matem\u00e1tica, Biolog\u00eda y Qu\u00edmica.<\/p>\n\n\n\n<p>&nbsp; &nbsp; &nbsp; &nbsp; &nbsp; &nbsp;TS. en Comunicaci\u00f3n Social<\/p>\n\n\n\n<p>18 hs&nbsp; TS en Acompa\u00f1amiento Terap\u00e9utico y Administraci\u00f3n P\u00fablica<\/p>\n\n\n\n<p>19 hs Profesorados de Historia y Geograf\u00eda<\/p>\n\n\n\n<p>Saludos Cordiales<\/p>\n\n\n\n<h1 class=\"wp-block-heading has-text-align-center has-background has-x-large-font-size\" style=\"background:linear-gradient(135deg,rgb(122,220,180) 38%,rgb(209,171,0) 97%);text-transform:none\">Procedimiento de inscripci\u00f3n a carreras<\/h1>\n\n\n\n<h3 class=\"wp-block-heading\"><strong><mark style=\"background-color:#eb7171\" class=\"has-inline-color has-contrast-2-color\">Leer detenidamente antes de realizar la inscripci\u00f3n<\/mark><\/strong><\/h3>\n\n\n\n<h5 class=\"wp-block-heading has-text-align-left has-base-3-background-color has-background has-medium-font-size\">LA INSCRIPCI\u00d3N COMO INGRESANTE SE REALIZA EN DOS PASOS<\/h5>\n\n\n\n<p><strong>Paso 1: <\/strong><strong>Completar el<\/strong>&nbsp;<strong>Formulario online de la carrera seleccionada<\/strong> (Estar\u00e1n habilitados el d\u00eda 1\u00b0 de diciembre a las 8:00 hs). <em>                En caso de necesitarlo, en el instituto habr\u00e1 una computadora disponible.<\/em><\/p>\n\n\n\n<p><mark style=\"background-color:rgba(0, 0, 0, 0);color:#e41740\" class=\"has-inline-color\"><strong>IMPORTANTE<\/strong>: <\/mark><mark style=\"background-color:rgba(0, 0, 0, 0)\" class=\"has-inline-color has-contrast-2-color\">la carrera <strong>PSICOPEDAGOG\u00cdA<\/strong> tiene <strong>ALTA<\/strong> <strong>demanda de inscripci\u00f3n<\/strong> y cuenta con un cupo m\u00e1ximo de ingresantes. (una vez completo el cupo, el formulario no seguir\u00e1 disponible)<\/mark><mark style=\"background-color:rgba(0, 0, 0, 0);color:#e41740\" class=\"has-inline-color\">. <\/mark><mark style=\"background-color:rgba(0, 0, 0, 0);color:#d22121\" class=\"has-inline-color\"><strong>Se tendr\u00e1 en cuenta el orden de inscripci\u00f3n online para continuar con el paso 2.<\/strong><\/mark> <\/p>\n\n\n\n<h3 class=\"wp-block-heading\"><mark style=\"background-color:#ee7171\" class=\"has-inline-color\">Presionar en el bot\u00f3n de la carrera elegida para acceder al formulario de inscripci\u00f3n\u00a0<\/mark><\/h3>\n\n\n\n<div class=\"wp-block-buttons is-layout-flex\">\n<div class=\"wp-block-button is-style-fill\"><a class=\"wp-block-button__link wp-element-button\" href=\"https:\/\/forms.gle\/5NMiWJicszTCunP47\" target=\"_blank\" rel=\"noreferrer noopener\">Acompa\u00f1amiento Terap\u00e9utico<\/a><\/div>\n\n\n\n<div class=\"wp-block-button\"><a class=\"wp-block-button__link wp-element-button\" href=\"https:\/\/forms.gle\/gS3SQaqwH6g6pDLq5\" target=\"_blank\" rel=\"noreferrer noopener\">Profesorado de Geograf\u00eda<\/a><\/div>\n\n\n\n<div class=\"wp-block-button\"><a class=\"wp-block-button__link wp-element-button\" href=\"https:\/\/forms.gle\/muc3n9KFhQzAWA469\" target=\"_blank\" rel=\"noreferrer noopener\">Profesorado de Biolog\u00eda<\/a><\/div>\n\n\n\n<div class=\"wp-block-button\"><a class=\"wp-block-button__link wp-element-button\" href=\"https:\/\/forms.gle\/hDs8pwUs7kiFNViX8\" target=\"_blank\" rel=\"noreferrer noopener\">Profesorado de Historia<\/a><\/div>\n\n\n\n<div class=\"wp-block-button\"><a class=\"wp-block-button__link wp-element-button\" href=\"https:\/\/forms.gle\/zpJMEjzkVD4hRpt8A\" target=\"_blank\" rel=\"noreferrer noopener\">Profesorado de Ingl\u00e9s<\/a><\/div>\n\n\n\n<div class=\"wp-block-button\"><a class=\"wp-block-button__link wp-element-button\" href=\"https:\/\/forms.gle\/1QnLRpZ6eETQouWj7\" target=\"_blank\" rel=\"noreferrer noopener\">Profesorado de Lengua y Lit.<\/a><\/div>\n\n\n\n<div class=\"wp-block-button\"><a class=\"wp-block-button__link wp-element-button\" href=\"https:\/\/forms.gle\/98if6XhRUAJag34q7\" target=\"_blank\" rel=\"noreferrer noopener\">Profesorado de Matem\u00e1tica<\/a><\/div>\n\n\n\n<div class=\"wp-block-button\"><a class=\"wp-block-button__link wp-element-button\" href=\"https:\/\/forms.gle\/T5LGbYhEhP7SQJJH9\" target=\"_blank\" rel=\"noreferrer noopener\">Profesorado de Qu\u00edmica<\/a><\/div>\n\n\n\n<div class=\"wp-block-button\"><a class=\"wp-block-button__link wp-element-button\" href=\"https:\/\/forms.gle\/2ydPUWTozsj3Py4X6\" target=\"_blank\" rel=\"noreferrer noopener\">Psicopedagog\u00eda<\/a><\/div>\n\n\n\n<div class=\"wp-block-button\"><a class=\"wp-block-button__link wp-element-button\" href=\"https:\/\/forms.gle\/CfnzaX7qu7SZwmxEA\" target=\"_blank\" rel=\"noreferrer noopener\">Administraci\u00f3n P\u00fablica<\/a><\/div>\n\n\n\n<div class=\"wp-block-button\"><a class=\"wp-block-button__link wp-element-button\" href=\"https:\/\/forms.gle\/Rntzsf1uebAapokz6\" target=\"_blank\" rel=\"noreferrer noopener\">Comunicaci\u00f3n Social<\/a><\/div>\n<\/div>\n\n\n\n<p><\/p>\n\n\n\n<p><strong>Paso 2: Entrega de documentaci\u00f3n en el instituto en los horarios de 8 a 12 hs y de 13 a 21 hs. <\/strong>(hasta 3 d\u00edas despu\u00e9s de haber completado el formulario online). Este paso es obligatorio para confirmar la inscripci\u00f3n en la carrera elegida.<\/p>\n\n\n\n<ul>\n<li><strong>Completar la planilla de Inscripci\u00f3n<\/strong> (se puede descargar)<a href=\"https:\/\/isfd10-bue.infd.edu.ar\/sitio\/wp-content\/uploads\/2021\/11\/Planilla-de-inscripcion.pdf\"> Planilla de inscripci\u00f3n<\/a> : completar con letra imprenta de la siguiente manera: Apellido y nombre completos como figura en el DNI, Correo Electr\u00f3nico con una cuenta vigente para poder contactarnos). Esta planilla tambi\u00e9n pueden conseguirla en Nexus (Kiosco al lado del Instituto).<\/li>\n\n\n\n<li><strong>2 Fotos 4\u00d74<\/strong>.<\/li>\n\n\n\n<li><strong>DNI<\/strong> (anverso y reverso)<\/li>\n\n\n\n<li><strong>Partida o certificado de nacimiento&nbsp;<\/strong><\/li>\n\n\n\n<li><strong>Fotocopia del t\u00edtulo secundario<\/strong>. En caso de no tenerlo: certificado de T\u00edtulo en tr\u00e1mite o constancia de alumno\/a regular.&nbsp;<\/li>\n\n\n\n<li><strong>Un folio oficio para guardar la documentaci\u00f3n<\/strong><\/li>\n<\/ul>\n\n\n\n<p><\/p>\n\n\n\n<p><strong>ASOCIACI\u00d3N COOPERADORA:<\/strong><\/p>\n\n\n\n<p><strong>&nbsp;&nbsp;<\/strong>EL MONTO MENSUAL ES DE $2000 DURANTE 9 MESES \u00d3 SE PUEDE REALIZAR EL PAGO ANUAL POR $14000.<\/p>\n\n\n\n<p>Para m\u00e1s informaci\u00f3n hacer click en la pesta\u00f1a Cooperadora. Una vez abonada la cooperadora completar el formulario. <\/p>\n\n\n\n<p>A PESAR DE SER UN PAGO VOLUNTARIO, ES MUY NECESARIO PARA EL BUEN FUNCIONAMIENTO DE LA INSTITUCI\u00d3N. \u00a1\u00a1\u00a1\u00a1Muchas gracias!!!!<\/p>\n\n\n\n<h5 class=\"wp-block-heading\"><strong>\u00bfDudas o consultas?<\/strong><\/h5>\n\n\n\n<p>Comun\u00edcate con nosotros por Instagram <strong>@isfdyt10<\/strong> &#8211; correo electr\u00f3nico:&nbsp; <strong>instituto10contacto@isfdyt10tandil.edu.ar<\/strong> &#8211; Tel\u00e9fono: <strong>(0249) 4440637<\/strong> &#8211; Direcci\u00f3n:&nbsp; <strong>Belgrano esquina Moreno<\/strong><\/p>\n\n\n\n<h4 class=\"wp-block-heading\"><strong><em>\u00abSumate al 10\u00bb<\/em><\/strong><\/h4>\n\n\n\n<p><\/p>\n\n\n\n<h4 class=\"wp-block-heading\"><mark style=\"background-color:rgba(0, 0, 0, 0);color:#c70707\" class=\"has-inline-color\">INFORMACI\u00d3N IMPORTANTE PARA INGRESANTES AL PROFESORADO DE INGL\u00c9S 2026.<\/mark><strong> <\/strong><\/h4>\n\n\n\n<h4 class=\"wp-block-heading\">Fechas del examen de aptitud: <\/h4>\n\n\n\n<h5 class=\"wp-block-heading\">Examen escrito: <s>Lunes 2\/03\/2026 &#8211; 8 hs<\/s>. Se reprograma por el PARO NACIONAL DOCENTE. La nueva fecha es viernes 6\/3. 8 hs  <\/h5>\n\n\n\n<h5 class=\"wp-block-heading\">Examen oral: Viernes 13\/3\/2026 &#8211; 8 hs <\/h5>\n\n\n\n<div class=\"wp-block-file\"><object class=\"wp-block-file__embed\" data=\"https:\/\/isfd10-bue.infd.edu.ar\/sitio\/wp-content\/uploads\/2025\/11\/INFORMACION-UTIL-PARA-ASPIRANTES-2026.pdf\" type=\"application\/pdf\" style=\"width:100%;height:600px\" aria-label=\"Incrustado de INFORMACION-UTIL-PARA-ASPIRANTES-2026.\"><\/object><a id=\"wp-block-file--media-fa54d1b5-5cf1-4bb2-a802-f74adb7f5953\" href=\"https:\/\/isfd10-bue.infd.edu.ar\/sitio\/wp-content\/uploads\/2025\/11\/INFORMACION-UTIL-PARA-ASPIRANTES-2026.pdf\">INFORMACION-UTIL-PARA-ASPIRANTES-2026<\/a><a href=\"https:\/\/isfd10-bue.infd.edu.ar\/sitio\/wp-content\/uploads\/2025\/11\/INFORMACION-UTIL-PARA-ASPIRANTES-2026.pdf\" class=\"wp-block-file__button wp-element-button\" download aria-describedby=\"wp-block-file--media-fa54d1b5-5cf1-4bb2-a802-f74adb7f5953\">Descarga<\/a><\/div>\n","protected":false},"excerpt":{"rendered":"<p>Estimadas\/os ingresantes 2026: Le damos la bienvenida al Instituto de Formaci\u00f3n Docente y T\u00e9cnica N\u00b0 10 OSVALDO ZARINI. Nos alegra convocarlas\/os a las actividades de recibimiento de cada carrera&nbsp; que se iniciar\u00e1n la semana pr\u00f3xima.&nbsp;La invitaci\u00f3n es para este lunes 9 de marzo a la presentaci\u00f3n institucional. All\u00ed recibir\u00e1n tambi\u00e9n la informaci\u00f3n sobre las actividades &#8230; <a title=\"INGRESO 2026\" class=\"read-more\" href=\"https:\/\/isfd10-bue.infd.edu.ar\/sitio\/ingreso-2026\/\" aria-label=\"More on INGRESO 2026\">[+]<\/a><\/p>\n","protected":false},"author":2084,"featured_media":0,"parent":0,"menu_order":0,"comment_status":"closed","ping_status":"closed","template":"","meta":[],"acf":[],"_links":{"self":[{"href":"https:\/\/isfd10-bue.infd.edu.ar\/sitio\/wp-json\/wp\/v2\/pages\/1085"}],"collection":[{"href":"https:\/\/isfd10-bue.infd.edu.ar\/sitio\/wp-json\/wp\/v2\/pages"}],"about":[{"href":"https:\/\/isfd10-bue.infd.edu.ar\/sitio\/wp-json\/wp\/v2\/types\/page"}],"author":[{"embeddable":true,"href":"https:\/\/isfd10-bue.infd.edu.ar\/sitio\/wp-json\/wp\/v2\/users\/2084"}],"replies":[{"embeddable":true,"href":"https:\/\/isfd10-bue.infd.edu.ar\/sitio\/wp-json\/wp\/v2\/comments?post=1085"}],"version-history":[{"count":203,"href":"https:\/\/isfd10-bue.infd.edu.ar\/sitio\/wp-json\/wp\/v2\/pages\/1085\/revisions"}],"predecessor-version":[{"id":2889,"href":"https:\/\/isfd10-bue.infd.edu.ar\/sitio\/wp-json\/wp\/v2\/pages\/1085\/revisions\/2889"}],"wp:attachment":[{"href":"https:\/\/isfd10-bue.infd.edu.ar\/sitio\/wp-json\/wp\/v2\/media?parent=1085"}],"curies":[{"name":"wp","href":"https:\/\/api.w.org\/{rel}","templated":true}]}}